{"id":47,"date":"2013-09-18T13:35:39","date_gmt":"2013-09-18T13:35:39","guid":{"rendered":"http:\/\/pixelgrade.com\/demos\/lens\/?page_id=47"},"modified":"2019-10-10T17:07:14","modified_gmt":"2019-10-10T17:07:14","slug":"studio","status":"publish","type":"page","link":"https:\/\/www.amplimix.com.br\/?page_id=47","title":{"rendered":"Est\u00fadio"},"content":{"rendered":"<p>&nbsp;<\/p>\n<p>1 Sala de mixagem 5.1<\/p>\n<p>1 Sala de mixagem 2.0<\/p>\n<p>2 Salas de edi\u00e7\u00e3o de som<\/p>\n<p>2 Salas de grava\u00e7\u00e3o de Voice Over, Dublagem e Foley<\/p>\n","protected":false},"excerpt":{"rendered":"<p>&nbsp; 1 Sala de mixagem 5.1 1 Sala de mixagem 2.0 2 Salas de edi\u00e7\u00e3o de som 2 Salas de grava\u00e7\u00e3o de Voice Over, Dublagem e Foley<\/p>\n","protected":false},"author":1,"featured_media":534,"parent":0,"menu_order":8,"comment_status":"closed","ping_status":"closed","template":"template-fullwidth.php","meta":{"footnotes":""},"class_list":["post-47","page","type-page","status-publish","has-post-thumbnail","hentry"],"_links":{"self":[{"href":"https:\/\/www.amplimix.com.br\/index.php?rest_route=\/wp\/v2\/pages\/47","targetHints":{"allow":["GET"]}}],"collection":[{"href":"https:\/\/www.amplimix.com.br\/index.php?rest_route=\/wp\/v2\/pages"}],"about":[{"href":"https:\/\/www.amplimix.com.br\/index.php?rest_route=\/wp\/v2\/types\/page"}],"author":[{"embeddable":true,"href":"https:\/\/www.amplimix.com.br\/index.php?rest_route=\/wp\/v2\/users\/1"}],"replies":[{"embeddable":true,"href":"https:\/\/www.amplimix.com.br\/index.php?rest_route=%2Fwp%2Fv2%2Fcomments&post=47"}],"version-history":[{"count":14,"href":"https:\/\/www.amplimix.com.br\/index.php?rest_route=\/wp\/v2\/pages\/47\/revisions"}],"predecessor-version":[{"id":523,"href":"https:\/\/www.amplimix.com.br\/index.php?rest_route=\/wp\/v2\/pages\/47\/revisions\/523"}],"wp:featuredmedia":[{"embeddable":true,"href":"https:\/\/www.amplimix.com.br\/index.php?rest_route=\/wp\/v2\/media\/534"}],"wp:attachment":[{"href":"https:\/\/www.amplimix.com.br\/index.php?rest_route=%2Fwp%2Fv2%2Fmedia&parent=47"}],"curies":[{"name":"wp","href":"https:\/\/api.w.org\/{rel}","templated":true}]}}